    {"id":2137,"date":"2023-11-07T09:45:47","date_gmt":"2023-11-07T15:45:47","guid":{"rendered":"https:\/\/duayc.com.mx\/?page_id=2137"},"modified":"2023-11-07T10:20:15","modified_gmt":"2023-11-07T16:20:15","slug":"biografia","status":"publish","type":"page","link":"https:\/\/duayc.com.mx\/?page_id=2137","title":{"rendered":"biografia"},"content":{"rendered":"<p>[et_pb_section fb_built=\u00bb1&#8243; custom_padding_last_edited=\u00bbon|tablet\u00bb admin_label=\u00bbAbout\u00bb _builder_version=\u00bb4.19.2&#8243; _module_preset=\u00bbdefault\u00bb custom_padding=\u00bb90px||||false|false\u00bb custom_padding_tablet=\u00bb12%||||false|false\u00bb custom_padding_phone=\u00bb12%||||false|false\u00bb collapsed=\u00bbon\u00bb global_colors_info=\u00bb{}\u00bb][et_pb_row column_structure=\u00bb1_2,1_2&#8243; _builder_version=\u00bb4.19.2&#8243; _module_preset=\u00bbdefault\u00bb hover_enabled=\u00bb0&#8243; global_colors_info=\u00bb{}\u00bb sticky_enabled=\u00bb0&#8243;][et_pb_column type=\u00bb1_2&#8243; _builder_version=\u00bb4.19.2&#8243; _module_preset=\u00bbdefault\u00bb custom_padding=\u00bb|5%|90px||false|false\u00bb custom_padding_tablet=\u00bb|0%|30px||false|false\u00bb custom_padding_phone=\u00bb|0%|30px||false|false\u00bb custom_padding_last_edited=\u00bbon|tablet\u00bb global_colors_info=\u00bb{}\u00bb][et_pb_text _builder_version=\u00bb4.22.1&#8243; _module_preset=\u00bbeb389f42-de5c-42e0-8134-606f2dbbb7de\u00bb hover_enabled=\u00bb0&#8243; global_colors_info=\u00bb{}\u00bb sticky_enabled=\u00bb0&#8243;]<\/p>\n<h2>Juan Antonio V\u00e1zquez Garc\u00eda<\/h2>\n<p>[\/et_pb_text][et_pb_text _builder_version=\u00bb4.22.1&#8243; _module_preset=\u00bbd4ca95f0-5971-41bb-9927-754dc4bbdc44&#8243; hover_enabled=\u00bb0&#8243; global_colors_info=\u00bb{}\u00bb sticky_enabled=\u00bb0&#8243;]<\/p>\n<p>Maestro egresado de la facultad de arquitectura de la <strong>B<\/strong>enem\u00e9rita <strong>U<\/strong>niversidad <strong>A<\/strong>ut\u00f3noma de <strong>P<\/strong>uebla.\u00a0 <strong>BUAP<\/strong>, estudio Maestr\u00eda en Arquitectura en la Facultad de <strong>A<\/strong>rquitectura de la <strong>U<\/strong>niversidad <strong>A<\/strong>ut\u00f3noma de <strong>Y<\/strong>ucatan. <strong>UADY<\/strong>.<\/p>\n<p>Tiene estudios de especialidad en Administraci\u00f3n P\u00fablica Municipal, por la Universidad Aut\u00f3noma de Campeche, <strong>UAC<\/strong>.<\/p>\n<p>Estudios de diplomado en planeaci\u00f3n del Transporte urbano (UAC), Desarrollo Urbano Regional (UADY), Ordenamiento Territorial (DUCEN), Arquitectura y Urbanismo Sostenible (universidad de salamanca) (OEA). Administraci\u00f3n P\u00fablica (ITAM), Legislaci\u00f3n urbana (CJUR).<\/p>\n<p>[\/et_pb_text][\/et_pb_column][et_pb_column type=\u00bb1_2&#8243; _builder_version=\u00bb4.19.2&#8243; _module_preset=\u00bbdefault\u00bb global_colors_info=\u00bb{}\u00bb][et_pb_image src=\u00bbhttps:\/\/duayc.com.mx\/wp-content\/uploads\/Screenshot_3.png\u00bb title_text=\u00bbScreenshot_3&#8243; _builder_version=\u00bb4.22.1&#8243; _module_preset=\u00bbdefault\u00bb custom_margin=\u00bb||0px||false|false\u00bb global_colors_info=\u00bb{}\u00bb][\/et_pb_image][et_pb_image src=\u00bbhttps:\/\/duayc.com.mx\/wp-content\/uploads\/civil-engineering-9.png\u00bb title_text=\u00bbcivil-engineering-9&#8243; align=\u00bbright\u00bb _builder_version=\u00bb4.19.2&#8243; _module_preset=\u00bbdefault\u00bb width=\u00bb50%\u00bb custom_margin=\u00bb-25%||||false|false\u00bb global_colors_info=\u00bb{}\u00bb][\/et_pb_image][\/et_pb_column][\/et_pb_row][\/et_pb_section][et_pb_section fb_built=\u00bb1&#8243; admin_label=\u00bbFooter\u00bb _builder_version=\u00bb4.19.2&#8243; _module_preset=\u00bbdefault\u00bb background_color=\u00bb#2E363C\u00bb overflow-x=\u00bbhidden\u00bb overflow-y=\u00bbhidden\u00bb custom_padding=\u00bb0px||||false|false\u00bb saved_tabs=\u00bball\u00bb collapsed=\u00bbon\u00bb global_colors_info=\u00bb{}\u00bb][et_pb_row column_structure=\u00bb1_4,3_4&#8243; _builder_version=\u00bb4.22.1&#8243; _module_preset=\u00bbdefault\u00bb global_colors_info=\u00bb{}\u00bb][et_pb_column type=\u00bb1_4&#8243; _builder_version=\u00bb4.19.2&#8243; _module_preset=\u00bbdefault\u00bb global_colors_info=\u00bb{}\u00bb][et_pb_text _builder_version=\u00bb4.22.1&#8243; _module_preset=\u00bbf46313a4-0a24-4358-b598-0ea1ddbb2051&#8243; header_4_text_color=\u00bb#FFFFFF\u00bb custom_margin=\u00bb||10px||false|false\u00bb global_colors_info=\u00bb{}\u00bb]<\/p>\n<h4>Datos de Contacto\u00a0<\/h4>\n<p>[\/et_pb_text][et_pb_text _builder_version=\u00bb4.22.1&#8243; _module_preset=\u00bb2a4a8dec-c5c8-4460-aef0-46abfa6bb7e6&#8243; text_text_color=\u00bb#FFFFFF\u00bb global_colors_info=\u00bb{}\u00bb]<\/p>\n<p><span><strong>Direcci\u00f3n<\/strong><span>:<\/span><span> Calle 10 No. 210 entre Calle 49b y Calle Juarez Barrio de Guadalupe, 24010 San Francisco de Campeche.<\/span><\/span><\/p>\n<p><span><strong>Telefono<\/strong>: (981) 81-62862<\/span><img \/><\/p>\n<p>[\/et_pb_text][et_pb_image src=\u00bbhttps:\/\/duayc.com.mx\/wp-content\/uploads\/1538298822.png\u00bb title_text=\u00bb1538298822&#8243; _builder_version=\u00bb4.22.1&#8243; _module_preset=\u00bbdefault\u00bb transform_scale=\u00bb136%|136%\u00bb width=\u00bb59%\u00bb max_width=\u00bb63%\u00bb module_alignment=\u00bbcenter\u00bb custom_margin=\u00bb-21px|0px||0px|false|false\u00bb custom_padding=\u00bb0px|4px|0px||false|false\u00bb global_colors_info=\u00bb{}\u00bb][\/et_pb_image][\/et_pb_column][et_pb_column type=\u00bb3_4&#8243; _builder_version=\u00bb4.19.2&#8243; _module_preset=\u00bbdefault\u00bb global_colors_info=\u00bb{}\u00bb][et_pb_code _builder_version=\u00bb4.22.1&#8243; _module_preset=\u00bbdefault\u00bb global_colors_info=\u00bb{}\u00bb]<iframe src=\"https:\/\/www.google.com\/maps\/embed?pb=!1m14!1m12!1m3!1d469.10271537189857!2d-90.53280781393026!3d19.847494845621338!2m3!1f0!2f0!3f0!3m2!1i1024!2i768!4f13.1!5e0!3m2!1ses-419!2smx!4v1694011139785!5m2!1ses-419!2smx\" width=\"850\" height=\"300\" style=\"border:0;\" allowfullscreen=\"\" loading=\"lazy\" referrerpolicy=\"no-referrer-when-downgrade\"><\/iframe>[\/et_pb_code][\/et_pb_column][\/et_pb_row][\/et_pb_section]<\/p>\n","protected":false},"excerpt":{"rendered":"<p>Juan Antonio V\u00e1zquez Garc\u00edaMaestro egresado de la facultad de arquitectura de la Benem\u00e9rita Universidad Aut\u00f3noma de Puebla.\u00a0 BUAP, estudio Maestr\u00eda en Arquitectura en la Facultad de Arquitectura de la Universidad Aut\u00f3noma de Yucatan. UADY. Tiene estudios de especialidad en Administraci\u00f3n P\u00fablica Municipal, por la Universidad Aut\u00f3noma de Campeche, UAC. Estudios de diplomado en planeaci\u00f3n del [&hellip;]<\/p>\n","protected":false},"author":1,"featured_media":0,"parent":0,"menu_order":0,"comment_status":"closed","ping_status":"closed","template":"","meta":{"_et_pb_use_builder":"on","_et_pb_old_content":"","_et_gb_content_width":"","inline_featured_image":false,"footnotes":""},"acf":[],"_links":{"self":[{"href":"https:\/\/duayc.com.mx\/index.php?rest_route=\/wp\/v2\/pages\/2137"}],"collection":[{"href":"https:\/\/duayc.com.mx\/index.php?rest_route=\/wp\/v2\/pages"}],"about":[{"href":"https:\/\/duayc.com.mx\/index.php?rest_route=\/wp\/v2\/types\/page"}],"author":[{"embeddable":true,"href":"https:\/\/duayc.com.mx\/index.php?rest_route=\/wp\/v2\/users\/1"}],"replies":[{"embeddable":true,"href":"https:\/\/duayc.com.mx\/index.php?rest_route=%2Fwp%2Fv2%2Fcomments&post=2137"}],"version-history":[{"count":2,"href":"https:\/\/duayc.com.mx\/index.php?rest_route=\/wp\/v2\/pages\/2137\/revisions"}],"predecessor-version":[{"id":2139,"href":"https:\/\/duayc.com.mx\/index.php?rest_route=\/wp\/v2\/pages\/2137\/revisions\/2139"}],"wp:attachment":[{"href":"https:\/\/duayc.com.mx\/index.php?rest_route=%2Fwp%2Fv2%2Fmedia&parent=2137"}],"curies":[{"name":"wp","href":"https:\/\/api.w.org\/{rel}","templated":true}]}}